{"id":37,"date":"2020-11-11T18:31:56","date_gmt":"2020-11-11T21:31:56","guid":{"rendered":"https:\/\/oraxincorp.com.br\/oraxcoworking\/?page_id=37"},"modified":"2020-11-13T13:27:39","modified_gmt":"2020-11-13T16:27:39","slug":"home","status":"publish","type":"page","link":"https:\/\/oraxincorp.com.br\/oraxcoworking\/","title":{"rendered":"Home"},"content":{"rendered":"","protected":false},"excerpt":{"rendered":"","protected":false},"author":1,"featured_media":0,"parent":0,"menu_order":0,"comment_status":"closed","ping_status":"closed","template":"index.php","meta":{"footnotes":""},"class_list":["post-37","page","type-page","status-publish","hentry"],"yoast_head":"<!-- This site is optimized with the Yoast SEO plugin v27.2 - https:\/\/yoast.com\/product\/yoast-seo-wordpress\/ -->\n<title>Orax Coworking | O primeiro coworking da Freguesia<\/title>\n<meta name=\"description\" content=\"A Orax est\u00e1 lan\u00e7ando o Orax Coworking na Freguesia, em Jacarepagu\u00e1. O primeiro espa\u00e7o colaborativo da regi\u00e3o. Estrutura completa, sala de reuni\u00e3o e mais.\" \/>\n<meta name=\"robots\" content=\"index, follow, max-snippet:-1, max-image-preview:large, max-video-preview:-1\" \/>\n<link rel=\"canonical\" href=\"https:\/\/oraxincorp.com.br\/oraxcoworking\/\" \/>\n<meta property=\"og:locale\" content=\"pt_BR\" \/>\n<meta property=\"og:type\" content=\"article\" \/>\n<meta property=\"og:title\" content=\"Orax Coworking | O primeiro coworking da Freguesia\" \/>\n<meta property=\"og:description\" content=\"A Orax est\u00e1 lan\u00e7ando o Orax Coworking na Freguesia, em Jacarepagu\u00e1. O primeiro espa\u00e7o colaborativo da regi\u00e3o. Estrutura completa, sala de reuni\u00e3o e mais.\" \/>\n<meta property=\"og:url\" content=\"https:\/\/oraxincorp.com.br\/oraxcoworking\/\" \/>\n<meta property=\"og:site_name\" content=\"Orax Coworking\" \/>\n<meta property=\"article:modified_time\" content=\"2020-11-13T16:27:39+00:00\" \/>\n<meta name=\"twitter:card\" content=\"summary_large_image\" \/>\n<script type=\"application\/ld+json\" class=\"yoast-schema-graph\">{\"@context\":\"https:\/\/schema.org\",\"@graph\":[{\"@type\":\"WebPage\",\"@id\":\"https:\/\/oraxincorp.com.br\/oraxcoworking\/\",\"url\":\"https:\/\/oraxincorp.com.br\/oraxcoworking\/\",\"name\":\"Orax Coworking | O primeiro coworking da Freguesia\",\"isPartOf\":{\"@id\":\"https:\/\/oraxincorp.com.br\/oraxcoworking\/#website\"},\"datePublished\":\"2020-11-11T21:31:56+00:00\",\"dateModified\":\"2020-11-13T16:27:39+00:00\",\"description\":\"A Orax est\u00e1 lan\u00e7ando o Orax Coworking na Freguesia, em Jacarepagu\u00e1. O primeiro espa\u00e7o colaborativo da regi\u00e3o. Estrutura completa, sala de reuni\u00e3o e mais.\",\"breadcrumb\":{\"@id\":\"https:\/\/oraxincorp.com.br\/oraxcoworking\/#breadcrumb\"},\"inLanguage\":\"pt-BR\",\"potentialAction\":[{\"@type\":\"ReadAction\",\"target\":[\"https:\/\/oraxincorp.com.br\/oraxcoworking\/\"]}]},{\"@type\":\"BreadcrumbList\",\"@id\":\"https:\/\/oraxincorp.com.br\/oraxcoworking\/#breadcrumb\",\"itemListElement\":[{\"@type\":\"ListItem\",\"position\":1,\"name\":\"In\u00edcio\",\"item\":\"https:\/\/oraxincorp.com.br\/oraxcoworking\/\"},{\"@type\":\"ListItem\",\"position\":2,\"name\":\"Home\"}]},{\"@type\":\"WebSite\",\"@id\":\"https:\/\/oraxincorp.com.br\/oraxcoworking\/#website\",\"url\":\"https:\/\/oraxincorp.com.br\/oraxcoworking\/\",\"name\":\"Orax Coworking\",\"description\":\"\",\"publisher\":{\"@id\":\"https:\/\/oraxincorp.com.br\/oraxcoworking\/#organization\"},\"potentialAction\":[{\"@type\":\"SearchAction\",\"target\":{\"@type\":\"EntryPoint\",\"urlTemplate\":\"https:\/\/oraxincorp.com.br\/oraxcoworking\/?s={search_term_string}\"},\"query-input\":{\"@type\":\"PropertyValueSpecification\",\"valueRequired\":true,\"valueName\":\"search_term_string\"}}],\"inLanguage\":\"pt-BR\"},{\"@type\":\"Organization\",\"@id\":\"https:\/\/oraxincorp.com.br\/oraxcoworking\/#organization\",\"name\":\"Orax Coworking\",\"url\":\"https:\/\/oraxincorp.com.br\/oraxcoworking\/\",\"logo\":{\"@type\":\"ImageObject\",\"inLanguage\":\"pt-BR\",\"@id\":\"https:\/\/oraxincorp.com.br\/oraxcoworking\/#\/schema\/logo\/image\/\",\"url\":\"https:\/\/oraxincorp.com.br\/oraxcoworking\/wp-content\/uploads\/2020\/11\/logo.png\",\"contentUrl\":\"https:\/\/oraxincorp.com.br\/oraxcoworking\/wp-content\/uploads\/2020\/11\/logo.png\",\"width\":526,\"height\":169,\"caption\":\"Orax Coworking\"},\"image\":{\"@id\":\"https:\/\/oraxincorp.com.br\/oraxcoworking\/#\/schema\/logo\/image\/\"}}]}<\/script>\n<!-- \/ Yoast SEO plugin. -->","yoast_head_json":{"title":"Orax Coworking | O primeiro coworking da Freguesia","description":"A Orax est\u00e1 lan\u00e7ando o Orax Coworking na Freguesia, em Jacarepagu\u00e1. O primeiro espa\u00e7o colaborativo da regi\u00e3o. Estrutura completa, sala de reuni\u00e3o e mais.","robots":{"index":"index","follow":"follow","max-snippet":"max-snippet:-1","max-image-preview":"max-image-preview:large","max-video-preview":"max-video-preview:-1"},"canonical":"https:\/\/oraxincorp.com.br\/oraxcoworking\/","og_locale":"pt_BR","og_type":"article","og_title":"Orax Coworking | O primeiro coworking da Freguesia","og_description":"A Orax est\u00e1 lan\u00e7ando o Orax Coworking na Freguesia, em Jacarepagu\u00e1. O primeiro espa\u00e7o colaborativo da regi\u00e3o. Estrutura completa, sala de reuni\u00e3o e mais.","og_url":"https:\/\/oraxincorp.com.br\/oraxcoworking\/","og_site_name":"Orax Coworking","article_modified_time":"2020-11-13T16:27:39+00:00","twitter_card":"summary_large_image","schema":{"@context":"https:\/\/schema.org","@graph":[{"@type":"WebPage","@id":"https:\/\/oraxincorp.com.br\/oraxcoworking\/","url":"https:\/\/oraxincorp.com.br\/oraxcoworking\/","name":"Orax Coworking | O primeiro coworking da Freguesia","isPartOf":{"@id":"https:\/\/oraxincorp.com.br\/oraxcoworking\/#website"},"datePublished":"2020-11-11T21:31:56+00:00","dateModified":"2020-11-13T16:27:39+00:00","description":"A Orax est\u00e1 lan\u00e7ando o Orax Coworking na Freguesia, em Jacarepagu\u00e1. O primeiro espa\u00e7o colaborativo da regi\u00e3o. Estrutura completa, sala de reuni\u00e3o e mais.","breadcrumb":{"@id":"https:\/\/oraxincorp.com.br\/oraxcoworking\/#breadcrumb"},"inLanguage":"pt-BR","potentialAction":[{"@type":"ReadAction","target":["https:\/\/oraxincorp.com.br\/oraxcoworking\/"]}]},{"@type":"BreadcrumbList","@id":"https:\/\/oraxincorp.com.br\/oraxcoworking\/#breadcrumb","itemListElement":[{"@type":"ListItem","position":1,"name":"In\u00edcio","item":"https:\/\/oraxincorp.com.br\/oraxcoworking\/"},{"@type":"ListItem","position":2,"name":"Home"}]},{"@type":"WebSite","@id":"https:\/\/oraxincorp.com.br\/oraxcoworking\/#website","url":"https:\/\/oraxincorp.com.br\/oraxcoworking\/","name":"Orax Coworking","description":"","publisher":{"@id":"https:\/\/oraxincorp.com.br\/oraxcoworking\/#organization"},"potentialAction":[{"@type":"SearchAction","target":{"@type":"EntryPoint","urlTemplate":"https:\/\/oraxincorp.com.br\/oraxcoworking\/?s={search_term_string}"},"query-input":{"@type":"PropertyValueSpecification","valueRequired":true,"valueName":"search_term_string"}}],"inLanguage":"pt-BR"},{"@type":"Organization","@id":"https:\/\/oraxincorp.com.br\/oraxcoworking\/#organization","name":"Orax Coworking","url":"https:\/\/oraxincorp.com.br\/oraxcoworking\/","logo":{"@type":"ImageObject","inLanguage":"pt-BR","@id":"https:\/\/oraxincorp.com.br\/oraxcoworking\/#\/schema\/logo\/image\/","url":"https:\/\/oraxincorp.com.br\/oraxcoworking\/wp-content\/uploads\/2020\/11\/logo.png","contentUrl":"https:\/\/oraxincorp.com.br\/oraxcoworking\/wp-content\/uploads\/2020\/11\/logo.png","width":526,"height":169,"caption":"Orax Coworking"},"image":{"@id":"https:\/\/oraxincorp.com.br\/oraxcoworking\/#\/schema\/logo\/image\/"}}]}},"_links":{"self":[{"href":"https:\/\/oraxincorp.com.br\/oraxcoworking\/wp-json\/wp\/v2\/pages\/37","targetHints":{"allow":["GET"]}}],"collection":[{"href":"https:\/\/oraxincorp.com.br\/oraxcoworking\/wp-json\/wp\/v2\/pages"}],"about":[{"href":"https:\/\/oraxincorp.com.br\/oraxcoworking\/wp-json\/wp\/v2\/types\/page"}],"author":[{"embeddable":true,"href":"https:\/\/oraxincorp.com.br\/oraxcoworking\/wp-json\/wp\/v2\/users\/1"}],"replies":[{"embeddable":true,"href":"https:\/\/oraxincorp.com.br\/oraxcoworking\/wp-json\/wp\/v2\/comments?post=37"}],"version-history":[{"count":1,"href":"https:\/\/oraxincorp.com.br\/oraxcoworking\/wp-json\/wp\/v2\/pages\/37\/revisions"}],"predecessor-version":[{"id":38,"href":"https:\/\/oraxincorp.com.br\/oraxcoworking\/wp-json\/wp\/v2\/pages\/37\/revisions\/38"}],"wp:attachment":[{"href":"https:\/\/oraxincorp.com.br\/oraxcoworking\/wp-json\/wp\/v2\/media?parent=37"}],"curies":[{"name":"wp","href":"https:\/\/api.w.org\/{rel}","templated":true}]}}